{"id":213,"date":"2025-07-06T12:22:07","date_gmt":"2025-07-06T12:22:07","guid":{"rendered":"https:\/\/mxjkfusjpp.source.net.tr\/price-table-2\/"},"modified":"2025-09-19T19:20:37","modified_gmt":"2025-09-19T19:20:37","slug":"fiyat-tablosu","status":"publish","type":"page","link":"https:\/\/mxjkfusjpp.source.net.tr\/tr\/","title":{"rendered":"Fiyat Tablosu"},"content":{"rendered":"\t\t<div data-elementor-type=\"wp-post\" data-elementor-id=\"213\" class=\"elementor elementor-213\">\n\t\t\t\t<div class=\"elementor-element elementor-element-8259055 e-grid e-con-boxed e-con e-parent\" data-id=\"8259055\" data-element_type=\"container\">\n\t\t\t\t\t<div class=\"e-con-inner\">\n\t\t\t\t<div class=\"elementor-element elementor-element-263458a elementor-position-top elementor-widget elementor-widget-image-box\" data-id=\"263458a\" data-element_type=\"widget\" data-widget_type=\"image-box.default\">\n\t\t\t\t\t<div class=\"elementor-image-box-wrapper\"><figure class=\"elementor-image-box-img\"><img fetchpriority=\"high\" decoding=\"async\" width=\"800\" height=\"600\" src=\"https:\/\/mxjkfusjpp.source.net.tr\/wp-content\/uploads\/2025\/07\/aktivite-fotoograf-2-1.jpg\" class=\"attachment-full size-full wp-image-98\" alt=\"\" srcset=\"https:\/\/mxjkfusjpp.source.net.tr\/wp-content\/uploads\/2025\/07\/aktivite-fotoograf-2-1.jpg 800w, https:\/\/mxjkfusjpp.source.net.tr\/wp-content\/uploads\/2025\/07\/aktivite-fotoograf-2-1-300x225.jpg 300w, https:\/\/mxjkfusjpp.source.net.tr\/wp-content\/uploads\/2025\/07\/aktivite-fotoograf-2-1-768x576.jpg 768w\" sizes=\"(max-width: 800px) 100vw, 800px\" \/><\/figure><div class=\"elementor-image-box-content\"><h6 class=\"elementor-image-box-title\">ZIPLINE<\/h6><p class=\"elementor-image-box-description\"><p>\n  <span style=\"text-decoration: line-through; color: #999; font-size: 20px;\">500\u20ba<\/span>\n  <span style=\"margin-left: 15px; color: #FFD700; font-weight: bold; font-size: 24px;\">250\u20ba<\/span>\n<\/p>\n<\/p><\/div><\/div>\t\t\t\t<\/div>\n\t\t\t\t<div class=\"elementor-element elementor-element-b799837 elementor-position-top elementor-widget elementor-widget-image-box\" data-id=\"b799837\" data-element_type=\"widget\" data-widget_type=\"image-box.default\">\n\t\t\t\t\t<div class=\"elementor-image-box-wrapper\"><figure class=\"elementor-image-box-img\"><img decoding=\"async\" width=\"800\" height=\"600\" src=\"https:\/\/mxjkfusjpp.source.net.tr\/wp-content\/uploads\/2025\/07\/aktivite-fotoograf-2-2-1.jpg\" class=\"attachment-full size-full wp-image-33\" alt=\"\" srcset=\"https:\/\/mxjkfusjpp.source.net.tr\/wp-content\/uploads\/2025\/07\/aktivite-fotoograf-2-2-1.jpg 800w, https:\/\/mxjkfusjpp.source.net.tr\/wp-content\/uploads\/2025\/07\/aktivite-fotoograf-2-2-1-300x225.jpg 300w, https:\/\/mxjkfusjpp.source.net.tr\/wp-content\/uploads\/2025\/07\/aktivite-fotoograf-2-2-1-768x576.jpg 768w\" sizes=\"(max-width: 800px) 100vw, 800px\" \/><\/figure><div class=\"elementor-image-box-content\"><h3 class=\"elementor-image-box-title\">TERS EV<\/h3><p class=\"elementor-image-box-description\"><p>\n  <span style=\"text-decoration: line-through; color: #999; font-size: 20px;\">400\u20ba<\/span>\n  <span style=\"margin-left: 15px; color: #FFD700; font-weight: bold; font-size: 24px;\">200\u20ba<\/span>\n<\/p>\n<\/p><\/div><\/div>\t\t\t\t<\/div>\n\t\t\t\t<div class=\"elementor-element elementor-element-3063b20 elementor-position-top elementor-widget elementor-widget-image-box\" data-id=\"3063b20\" data-element_type=\"widget\" data-widget_type=\"image-box.default\">\n\t\t\t\t\t<div class=\"elementor-image-box-wrapper\"><figure class=\"elementor-image-box-img\"><img decoding=\"async\" width=\"800\" height=\"600\" src=\"https:\/\/mxjkfusjpp.source.net.tr\/wp-content\/uploads\/2025\/07\/aktivite-fotoograf-2-3-1.jpg\" class=\"attachment-full size-full wp-image-107\" alt=\"\" srcset=\"https:\/\/mxjkfusjpp.source.net.tr\/wp-content\/uploads\/2025\/07\/aktivite-fotoograf-2-3-1.jpg 800w, https:\/\/mxjkfusjpp.source.net.tr\/wp-content\/uploads\/2025\/07\/aktivite-fotoograf-2-3-1-300x225.jpg 300w, https:\/\/mxjkfusjpp.source.net.tr\/wp-content\/uploads\/2025\/07\/aktivite-fotoograf-2-3-1-768x576.jpg 768w\" sizes=\"(max-width: 800px) 100vw, 800px\" \/><\/figure><div class=\"elementor-image-box-content\"><h3 class=\"elementor-image-box-title\">TIRMANMA DUVARI<\/h3><p class=\"elementor-image-box-description\"><p>\n  <span style=\"text-decoration: line-through; color: #999; font-size: 20px;\">500\u20ba<\/span>\n  <span style=\"margin-left: 15px; color: #FFD700; font-weight: bold; font-size: 24px;\">250\u20ba<\/span>\n<\/p>\n<\/p><\/div><\/div>\t\t\t\t<\/div>\n\t\t\t\t<div class=\"elementor-element elementor-element-b96c59b elementor-position-top elementor-widget elementor-widget-image-box\" data-id=\"b96c59b\" data-element_type=\"widget\" data-widget_type=\"image-box.default\">\n\t\t\t\t\t<div class=\"elementor-image-box-wrapper\"><figure class=\"elementor-image-box-img\"><img loading=\"lazy\" decoding=\"async\" width=\"800\" height=\"600\" src=\"https:\/\/mxjkfusjpp.source.net.tr\/wp-content\/uploads\/2025\/07\/aktivite-fotoograf-2-4.jpg\" class=\"attachment-full size-full wp-image-110\" alt=\"\" srcset=\"https:\/\/mxjkfusjpp.source.net.tr\/wp-content\/uploads\/2025\/07\/aktivite-fotoograf-2-4.jpg 800w, https:\/\/mxjkfusjpp.source.net.tr\/wp-content\/uploads\/2025\/07\/aktivite-fotoograf-2-4-300x225.jpg 300w, https:\/\/mxjkfusjpp.source.net.tr\/wp-content\/uploads\/2025\/07\/aktivite-fotoograf-2-4-768x576.jpg 768w\" sizes=\"(max-width: 800px) 100vw, 800px\" \/><\/figure><div class=\"elementor-image-box-content\"><h3 class=\"elementor-image-box-title\">FREE FALL<\/h3><p class=\"elementor-image-box-description\"><p>\n  <span style=\"text-decoration: line-through; color: #999; font-size: 20px;\">500\u20ba<\/span>\n  <span style=\"margin-left: 15px; color: #FFD700; font-weight: bold; font-size: 24px;\">250\u20ba<\/span>\n<\/p>\n<\/p><\/div><\/div>\t\t\t\t<\/div>\n\t\t\t\t<div class=\"elementor-element elementor-element-c861851 elementor-position-top elementor-widget elementor-widget-image-box\" data-id=\"c861851\" data-element_type=\"widget\" data-widget_type=\"image-box.default\">\n\t\t\t\t\t<div class=\"elementor-image-box-wrapper\"><figure class=\"elementor-image-box-img\"><img loading=\"lazy\" decoding=\"async\" width=\"800\" height=\"600\" src=\"https:\/\/mxjkfusjpp.source.net.tr\/wp-content\/uploads\/2025\/07\/aktivite-fotoograf-2-6.jpg\" class=\"attachment-full size-full wp-image-58\" alt=\"\" srcset=\"https:\/\/mxjkfusjpp.source.net.tr\/wp-content\/uploads\/2025\/07\/aktivite-fotoograf-2-6.jpg 800w, https:\/\/mxjkfusjpp.source.net.tr\/wp-content\/uploads\/2025\/07\/aktivite-fotoograf-2-6-300x225.jpg 300w, https:\/\/mxjkfusjpp.source.net.tr\/wp-content\/uploads\/2025\/07\/aktivite-fotoograf-2-6-768x576.jpg 768w\" sizes=\"(max-width: 800px) 100vw, 800px\" \/><\/figure><div class=\"elementor-image-box-content\"><h3 class=\"elementor-image-box-title\">DEV SALINCAK<\/h3><p class=\"elementor-image-box-description\"><p>\n  <span style=\"text-decoration: line-through; color: #999; font-size: 20px;\">500\u20ba<\/span>\n  <span style=\"margin-left: 15px; color: #FFD700; font-weight: bold; font-size: 24px;\">250\u20ba<\/span>\n<\/p>\n<\/p><\/div><\/div>\t\t\t\t<\/div>\n\t\t\t\t<div class=\"elementor-element elementor-element-ce18230 elementor-position-top elementor-widget elementor-widget-image-box\" data-id=\"ce18230\" data-element_type=\"widget\" data-widget_type=\"image-box.default\">\n\t\t\t\t\t<div class=\"elementor-image-box-wrapper\"><figure class=\"elementor-image-box-img\"><img loading=\"lazy\" decoding=\"async\" width=\"800\" height=\"600\" src=\"https:\/\/mxjkfusjpp.source.net.tr\/wp-content\/uploads\/2025\/07\/aktivite-fotoograf-2-7.jpg\" class=\"attachment-full size-full wp-image-59\" alt=\"\" srcset=\"https:\/\/mxjkfusjpp.source.net.tr\/wp-content\/uploads\/2025\/07\/aktivite-fotoograf-2-7.jpg 800w, https:\/\/mxjkfusjpp.source.net.tr\/wp-content\/uploads\/2025\/07\/aktivite-fotoograf-2-7-300x225.jpg 300w, https:\/\/mxjkfusjpp.source.net.tr\/wp-content\/uploads\/2025\/07\/aktivite-fotoograf-2-7-768x576.jpg 768w\" sizes=\"(max-width: 800px) 100vw, 800px\" \/><\/figure><div class=\"elementor-image-box-content\"><h3 class=\"elementor-image-box-title\">M\u0130N\u0130 EKSKAVAT\u00d6R<\/h3><p class=\"elementor-image-box-description\"><p>\n  <span style=\"text-decoration: line-through; color: #999; font-size: 20px;\">400\u20ba<\/span>\n  <span style=\"margin-left: 15px; color: #FFD700; font-weight: bold; font-size: 24px;\">200\u20ba<\/span>\n<\/p>\n<\/p><\/div><\/div>\t\t\t\t<\/div>\n\t\t\t\t<div class=\"elementor-element elementor-element-f623a10 elementor-position-top elementor-widget elementor-widget-image-box\" data-id=\"f623a10\" data-element_type=\"widget\" data-widget_type=\"image-box.default\">\n\t\t\t\t\t<div class=\"elementor-image-box-wrapper\"><figure class=\"elementor-image-box-img\"><img loading=\"lazy\" decoding=\"async\" width=\"800\" height=\"600\" src=\"https:\/\/mxjkfusjpp.source.net.tr\/wp-content\/uploads\/2025\/07\/aktivite-fotoograf-2-8.jpg\" class=\"attachment-full size-full wp-image-118\" alt=\"\" srcset=\"https:\/\/mxjkfusjpp.source.net.tr\/wp-content\/uploads\/2025\/07\/aktivite-fotoograf-2-8.jpg 800w, https:\/\/mxjkfusjpp.source.net.tr\/wp-content\/uploads\/2025\/07\/aktivite-fotoograf-2-8-300x225.jpg 300w, https:\/\/mxjkfusjpp.source.net.tr\/wp-content\/uploads\/2025\/07\/aktivite-fotoograf-2-8-768x576.jpg 768w\" sizes=\"(max-width: 800px) 100vw, 800px\" \/><\/figure><div class=\"elementor-image-box-content\"><h3 class=\"elementor-image-box-title\">SANAL G\u00d6ZL\u00dcK<\/h3><p class=\"elementor-image-box-description\"><p>\n  <span style=\"text-decoration: line-through; color: #999; font-size: 20px;\">400\u20ba<\/span>\n  <span style=\"margin-left: 15px; color: #FFD700; font-weight: bold; font-size: 24px;\">200\u20ba<\/span>\n<\/p>\n<\/p><\/div><\/div>\t\t\t\t<\/div>\n\t\t\t\t<div class=\"elementor-element elementor-element-de379d3 elementor-position-top elementor-widget elementor-widget-image-box\" data-id=\"de379d3\" data-element_type=\"widget\" data-widget_type=\"image-box.default\">\n\t\t\t\t\t<div class=\"elementor-image-box-wrapper\"><figure class=\"elementor-image-box-img\"><img loading=\"lazy\" decoding=\"async\" width=\"800\" height=\"600\" src=\"https:\/\/mxjkfusjpp.source.net.tr\/wp-content\/uploads\/2025\/07\/aktivite-fotoograf-2-9.jpg\" class=\"attachment-full size-full wp-image-63\" alt=\"\" srcset=\"https:\/\/mxjkfusjpp.source.net.tr\/wp-content\/uploads\/2025\/07\/aktivite-fotoograf-2-9.jpg 800w, https:\/\/mxjkfusjpp.source.net.tr\/wp-content\/uploads\/2025\/07\/aktivite-fotoograf-2-9-300x225.jpg 300w, https:\/\/mxjkfusjpp.source.net.tr\/wp-content\/uploads\/2025\/07\/aktivite-fotoograf-2-9-768x576.jpg 768w\" sizes=\"(max-width: 800px) 100vw, 800px\" \/><\/figure><div class=\"elementor-image-box-content\"><h3 class=\"elementor-image-box-title\">TRAMBOL\u0130N<\/h3><p class=\"elementor-image-box-description\"><p>\n  <span style=\"text-decoration: line-through; color: #999; font-size: 20px;\">300\u20ba<\/span>\n  <span style=\"margin-left: 15px; color: #FFD700; font-weight: bold; font-size: 24px;\">200\u20ba<\/span>\n<\/p>\n<\/p><\/div><\/div>\t\t\t\t<\/div>\n\t\t\t\t\t<\/div>\n\t\t\t\t<\/div>\n\t\t<div class=\"elementor-element elementor-element-d349d1a e-flex e-con-boxed e-con e-parent\" data-id=\"d349d1a\" data-element_type=\"container\">\n\t\t\t\t\t<div class=\"e-con-inner\">\n\t\t<div class=\"elementor-element elementor-element-0888bc2 e-con-full e-flex e-con e-child\" data-id=\"0888bc2\" data-element_type=\"container\">\n\t\t\t\t<div class=\"elementor-element elementor-element-ff72f07 elementor-position-top elementor-widget elementor-widget-image-box\" data-id=\"ff72f07\" data-element_type=\"widget\" data-widget_type=\"image-box.default\">\n\t\t\t\t\t<div class=\"elementor-image-box-wrapper\"><figure class=\"elementor-image-box-img\"><img loading=\"lazy\" decoding=\"async\" width=\"800\" height=\"600\" src=\"https:\/\/mxjkfusjpp.source.net.tr\/wp-content\/uploads\/2025\/07\/aktivite-fotoograf-2-11.jpg\" class=\"attachment-full size-full wp-image-124\" alt=\"\" srcset=\"https:\/\/mxjkfusjpp.source.net.tr\/wp-content\/uploads\/2025\/07\/aktivite-fotoograf-2-11.jpg 800w, https:\/\/mxjkfusjpp.source.net.tr\/wp-content\/uploads\/2025\/07\/aktivite-fotoograf-2-11-300x225.jpg 300w, https:\/\/mxjkfusjpp.source.net.tr\/wp-content\/uploads\/2025\/07\/aktivite-fotoograf-2-11-768x576.jpg 768w\" sizes=\"(max-width: 800px) 100vw, 800px\" \/><\/figure><div class=\"elementor-image-box-content\"><h3 class=\"elementor-image-box-title\">AT B\u0130NME<\/h3><p class=\"elementor-image-box-description\"><p>\n  <span style=\"text-decoration: line-through; color: #999; font-size: 20px;\">1500\u20ba<\/span>\n  <span style=\"margin-left: 15px; color: #FFD700; font-weight: bold; font-size: 24px;\">500\u20ba<\/span>\n<\/p>\n<\/p><\/div><\/div>\t\t\t\t<\/div>\n\t\t\t\t<div class=\"elementor-element elementor-element-bd87fe0 elementor-position-top elementor-widget elementor-widget-image-box\" data-id=\"bd87fe0\" data-element_type=\"widget\" data-widget_type=\"image-box.default\">\n\t\t\t\t\t<div class=\"elementor-image-box-wrapper\"><figure class=\"elementor-image-box-img\"><img loading=\"lazy\" decoding=\"async\" width=\"750\" height=\"500\" src=\"https:\/\/mxjkfusjpp.source.net.tr\/wp-content\/uploads\/2025\/07\/sapanca-atv-safari-turu.jpg\" class=\"attachment-full size-full wp-image-234\" alt=\"\" srcset=\"https:\/\/mxjkfusjpp.source.net.tr\/wp-content\/uploads\/2025\/07\/sapanca-atv-safari-turu.jpg 750w, https:\/\/mxjkfusjpp.source.net.tr\/wp-content\/uploads\/2025\/07\/sapanca-atv-safari-turu-300x200.jpg 300w\" sizes=\"(max-width: 750px) 100vw, 750px\" \/><\/figure><div class=\"elementor-image-box-content\"><h3 class=\"elementor-image-box-title\">ATV<\/h3><p class=\"elementor-image-box-description\"><p>\n  <span style=\"text-decoration: line-through; color: #999; font-size: 20px;\">1250\u20ba<\/span>\n  <span style=\"margin-left: 15px; color: #FFD700; font-weight: bold; font-size: 24px;\">650\u20ba<\/span>\n<\/p>\n<\/p><\/div><\/div>\t\t\t\t<\/div>\n\t\t\t\t<\/div>\n\t\t<div class=\"elementor-element elementor-element-2f4cf3e e-con-full e-flex e-con e-child\" data-id=\"2f4cf3e\" data-element_type=\"container\">\n\t\t\t\t<div class=\"elementor-element elementor-element-3764283 elementor-position-top elementor-widget elementor-widget-image-box\" data-id=\"3764283\" data-element_type=\"widget\" data-widget_type=\"image-box.default\">\n\t\t\t\t\t<div class=\"elementor-image-box-wrapper\"><figure class=\"elementor-image-box-img\"><img loading=\"lazy\" decoding=\"async\" width=\"800\" height=\"600\" src=\"https:\/\/mxjkfusjpp.source.net.tr\/wp-content\/uploads\/2025\/09\/WhatsApp-Gorsel-2025-09-19-saat-11.12.26_6489e9ce.jpg\" class=\"attachment-full size-full wp-image-250\" alt=\"\" srcset=\"https:\/\/mxjkfusjpp.source.net.tr\/wp-content\/uploads\/2025\/09\/WhatsApp-Gorsel-2025-09-19-saat-11.12.26_6489e9ce.jpg 800w, https:\/\/mxjkfusjpp.source.net.tr\/wp-content\/uploads\/2025\/09\/WhatsApp-Gorsel-2025-09-19-saat-11.12.26_6489e9ce-300x225.jpg 300w, https:\/\/mxjkfusjpp.source.net.tr\/wp-content\/uploads\/2025\/09\/WhatsApp-Gorsel-2025-09-19-saat-11.12.26_6489e9ce-768x576.jpg 768w\" sizes=\"(max-width: 800px) 100vw, 800px\" \/><\/figure><div class=\"elementor-image-box-content\"><h3 class=\"elementor-image-box-title\">\u00c7ARPI\u015eAN BOT<\/h3><p class=\"elementor-image-box-description\"><p>\n  <span style=\"text-decoration: line-through; color: #999; font-size: 20px;\">500\u20ba<\/span>\n  <span style=\"margin-left: 15px; color: #FFD700; font-weight: bold; font-size: 24px;\">250\u20ba<\/span>\n<\/p>\n<\/p><\/div><\/div>\t\t\t\t<\/div>\n\t\t\t\t<\/div>\n\t\t\t\t\t<\/div>\n\t\t\t\t<\/div>\n\t\t\t\t<\/div>\n\t\t","protected":false},"excerpt":{"rendered":"<p>ZIPLINE 500\u20ba 250\u20ba TERS EV 400\u20ba 200\u20ba TIRMANMA DUVARI 500\u20ba 250\u20ba FREE FALL 500\u20ba 250\u20ba DEV SALINCAK 500\u20ba 250\u20ba M\u0130N\u0130 EKSKAVAT\u00d6R 400\u20ba 200\u20ba SANAL G\u00d6ZL\u00dcK 400\u20ba 200\u20ba TRAMBOL\u0130N 300\u20ba 200\u20ba AT B\u0130NME 1500\u20ba 500\u20ba ATV 1250\u20ba 650\u20ba \u00c7ARPI\u015eAN BOT 500\u20ba 250\u20ba<\/p>\n","protected":false},"author":1,"featured_media":0,"parent":0,"menu_order":0,"comment_status":"closed","ping_status":"closed","template":"","meta":{"footnotes":""},"class_list":["post-213","page","type-page","status-publish","hentry"],"_links":{"self":[{"href":"https:\/\/mxjkfusjpp.source.net.tr\/tr\/wp-json\/wp\/v2\/pages\/213","targetHints":{"allow":["GET"]}}],"collection":[{"href":"https:\/\/mxjkfusjpp.source.net.tr\/tr\/wp-json\/wp\/v2\/pages"}],"about":[{"href":"https:\/\/mxjkfusjpp.source.net.tr\/tr\/wp-json\/wp\/v2\/types\/page"}],"author":[{"embeddable":true,"href":"https:\/\/mxjkfusjpp.source.net.tr\/tr\/wp-json\/wp\/v2\/users\/1"}],"replies":[{"embeddable":true,"href":"https:\/\/mxjkfusjpp.source.net.tr\/tr\/wp-json\/wp\/v2\/comments?post=213"}],"version-history":[{"count":20,"href":"https:\/\/mxjkfusjpp.source.net.tr\/tr\/wp-json\/wp\/v2\/pages\/213\/revisions"}],"predecessor-version":[{"id":254,"href":"https:\/\/mxjkfusjpp.source.net.tr\/tr\/wp-json\/wp\/v2\/pages\/213\/revisions\/254"}],"wp:attachment":[{"href":"https:\/\/mxjkfusjpp.source.net.tr\/tr\/wp-json\/wp\/v2\/media?parent=213"}],"curies":[{"name":"wp","href":"https:\/\/api.w.org\/{rel}","templated":true}]}}